{"id":2596,"date":"2023-12-06T08:42:10","date_gmt":"2023-12-06T08:42:10","guid":{"rendered":"https:\/\/www.s3orangehotel.com\/?page_id=2596"},"modified":"2024-07-28T07:40:45","modified_gmt":"2024-07-28T07:40:45","slug":"cevre-koruma-ve-atik-yonetimi-politikasi","status":"publish","type":"page","link":"https:\/\/www.s3orangehotel.com\/tr\/cevre-koruma-ve-atik-yonetimi-politikasi\/","title":{"rendered":"\u00c7EVRE KORUMA VE ATIK Y\u00d6NET\u0130M\u0130 POL\u0130T\u0130KASI"},"content":{"rendered":"<p>&nbsp;<\/p>\n<p>&nbsp;<\/p>\n<p><strong><img decoding=\"async\" class=\"alignnone size-full wp-image-2227\" src=\"https:\/\/www.s3orangehotel.com\/wp-content\/uploads\/2022\/01\/logo.png\" alt=\"\" width=\"305\" height=\"50\" srcset=\"https:\/\/www.s3orangehotel.com\/wp-content\/uploads\/2022\/01\/logo.png 305w, https:\/\/www.s3orangehotel.com\/wp-content\/uploads\/2022\/01\/logo-300x49.png 300w\" sizes=\"(max-width: 305px) 100vw, 305px\" \/><\/strong><\/p>\n<p><strong>\u00c7EVRE KORUMA VE ATIK Y\u00d6NET\u0130M\u0130 POL\u0130T\u0130KASI<\/strong><\/p>\n<p>\u0130\u015fletmemizde \u00e7evreyi korur, kirlenmesini \u00f6nler, \u00e7evreye olan olumsuz etkilerimizi azaltarak korunmas\u0131na \u00f6nem veririz.<\/p>\n<p>Bunun i\u00e7in;<\/p>\n<ul>\n<li>Yasal d\u00fczenlemelere uyum sa\u011flar \u00e7evre etkimizi azaltmaya \u00e7al\u0131\u015f\u0131r\u0131z.<\/li>\n<li>At\u0131klar\u0131m\u0131z\u0131 kayna\u011f\u0131na, gruplar\u0131na ve tehlike s\u0131n\u0131flar\u0131na g\u00f6re etkin \u015fekilde ay\u0131rmaya \u00f6zen g\u00f6steririz.<\/li>\n<li>Tehlikeli maddeler ve kimyasallar\u0131n yaln\u0131zca ihtiya\u00e7 durumunda ve gerekti\u011fi kadar kullan\u0131lmas\u0131n\u0131n hem \u00e7evreye olan negatif etkileri hem de at\u0131k miktar\u0131n\u0131 azaltaca\u011f\u0131n\u0131 biliriz,<\/li>\n<li>\u0130\u015fletmemizde ald\u0131\u011f\u0131m\u0131z malzemelerde \u201cgeri d\u00f6n\u00fc\u015f\u00fcm\u201d ve \u201c\u00e7evre dostu\u201d etiketi olanlar\u0131 tercih ederek do\u011fay\u0131 korumaya katk\u0131da bulunuruz. Yeniden kullan\u0131m f\u0131rsatlar\u0131 yaratmaya \u00e7al\u0131\u015f\u0131r\u0131z,<\/li>\n<li>K\u00e2\u011f\u0131t, pe\u00e7ete, tuvalet k\u00e2\u011f\u0131d\u0131, ambalaj gibi tek kullan\u0131ml\u0131k malzemeleri gerekti\u011fi kadar kullan\u0131p do\u011faya daha az at\u0131k b\u0131rakmaya \u00f6zen g\u00f6steririz,<\/li>\n<li>At\u0131klar\u0131 do\u011fru \u015fekilde, \u00f6zelliklerine g\u00f6re ayr\u0131 alanlarda depolar, yasal depolama s\u00fcre s\u0131n\u0131rlar\u0131n\u0131 a\u015fmadan lisansl\u0131\/yetkili firmalara teslim ederek, kay\u0131tlar\u0131n\u0131 muhafaza ederiz,<\/li>\n<li>Su, enerji ve t\u00fcm do\u011fal kaynaklar\u0131 tasarruflu kullanmaya \u00e7al\u0131\u015f\u0131r\u0131z. Bu hassasiyetimizi \u00e7al\u0131\u015fanlar\u0131m\u0131z, misafirlerimiz, tedarik\u00e7ilerimiz ile payla\u015f\u0131r\u0131z.<\/li>\n<li>\u00c7evre y\u00f6netimi konusundaki performans\u0131m\u0131z\u0131 \u00f6l\u00e7er, bu verileri hedefler ile izler ve performans\u0131m\u0131z\u0131 geli\u015ftirmeye \u00e7al\u0131\u015f\u0131r\u0131z.<\/li>\n<li>\u00c7al\u0131\u015fanlar\u0131m\u0131z\u0131 \u00e7evre konusunda e\u011fitmeyi ve duyarl\u0131l\u0131klar\u0131n\u0131 art\u0131rmay\u0131 ama\u00e7lar\u0131z.<\/li>\n<\/ul>\n<p>&nbsp;<\/p>\n","protected":false},"excerpt":{"rendered":"<p>&nbsp; &nbsp; \u00c7EVRE KORUMA VE ATIK Y\u00d6NET\u0130M\u0130 POL\u0130T\u0130KASI \u0130\u015fletmemizde \u00e7evreyi korur, kirlenmesini \u00f6nler, \u00e7evreye olan olumsuz etkilerimizi azaltarak korunmas\u0131na \u00f6nem veririz. Bunun i\u00e7in; Yasal d\u00fczenlemelere uyum sa\u011flar \u00e7evre etkimizi azaltmaya \u00e7al\u0131\u015f\u0131r\u0131z. At\u0131klar\u0131m\u0131z\u0131 kayna\u011f\u0131na, gruplar\u0131na ve tehlike s\u0131n\u0131flar\u0131na g\u00f6re etkin \u015fekilde ay\u0131rmaya \u00f6zen g\u00f6steririz. Tehlikeli maddeler ve kimyasallar\u0131n yaln\u0131zca ihtiya\u00e7 durumunda ve gerekti\u011fi kadar kullan\u0131lmas\u0131n\u0131n hem [&hellip;]<\/p>\n","protected":false},"author":1,"featured_media":0,"parent":0,"menu_order":0,"comment_status":"closed","ping_status":"closed","template":"","meta":{"footnotes":""},"class_list":["post-2596","page","type-page","status-publish","hentry"],"_links":{"self":[{"href":"https:\/\/www.s3orangehotel.com\/tr\/wp-json\/wp\/v2\/pages\/2596","targetHints":{"allow":["GET"]}}],"collection":[{"href":"https:\/\/www.s3orangehotel.com\/tr\/wp-json\/wp\/v2\/pages"}],"about":[{"href":"https:\/\/www.s3orangehotel.com\/tr\/wp-json\/wp\/v2\/types\/page"}],"author":[{"embeddable":true,"href":"https:\/\/www.s3orangehotel.com\/tr\/wp-json\/wp\/v2\/users\/1"}],"replies":[{"embeddable":true,"href":"https:\/\/www.s3orangehotel.com\/tr\/wp-json\/wp\/v2\/comments?post=2596"}],"version-history":[{"count":2,"href":"https:\/\/www.s3orangehotel.com\/tr\/wp-json\/wp\/v2\/pages\/2596\/revisions"}],"predecessor-version":[{"id":2728,"href":"https:\/\/www.s3orangehotel.com\/tr\/wp-json\/wp\/v2\/pages\/2596\/revisions\/2728"}],"wp:attachment":[{"href":"https:\/\/www.s3orangehotel.com\/tr\/wp-json\/wp\/v2\/media?parent=2596"}],"curies":[{"name":"wp","href":"https:\/\/api.w.org\/{rel}","templated":true}]}}