{"id":2599,"date":"2023-12-06T08:43:24","date_gmt":"2023-12-06T08:43:24","guid":{"rendered":"https:\/\/www.s3orangehotel.com\/?page_id=2599"},"modified":"2024-07-28T07:41:00","modified_gmt":"2024-07-28T07:41:00","slug":"cocuk-haklari-politikasi","status":"publish","type":"page","link":"https:\/\/www.s3orangehotel.com\/tr\/cocuk-haklari-politikasi\/","title":{"rendered":"\u00c7OCUK HAKLARI POL\u0130T\u0130KASI"},"content":{"rendered":"<p>&nbsp;<\/p>\n<p>&nbsp;<\/p>\n<p><strong><img decoding=\"async\" class=\"alignnone size-full wp-image-2227\" src=\"https:\/\/www.s3orangehotel.com\/wp-content\/uploads\/2022\/01\/logo.png\" alt=\"\" width=\"305\" height=\"50\" srcset=\"https:\/\/www.s3orangehotel.com\/wp-content\/uploads\/2022\/01\/logo.png 305w, https:\/\/www.s3orangehotel.com\/wp-content\/uploads\/2022\/01\/logo-300x49.png 300w\" sizes=\"(max-width: 305px) 100vw, 305px\" \/><\/strong><strong>\u00a0<\/strong><\/p>\n<p><strong>\u00c7OCUK HAKLARI POL\u0130T\u0130KASI<\/strong><\/p>\n<p>\u00c7ocuklar bize gelece\u011fin emanetleridir. Onlar\u0131 bir birey olarak tan\u0131mak, haklar\u0131na sayg\u0131 duymak, her t\u00fcrl\u00fc psikolojik, fiziksel, ticari vb. s\u00f6m\u00fcr\u00fcye kar\u015f\u0131 g\u00f6zetmek ve korumak \u00f6ncelikli sorumlulu\u011fumuzdur.<\/p>\n<p>Bunu sa\u011flamak i\u00e7in;<\/p>\n<ul>\n<li>Kendi kurumlar\u0131m\u0131zda \u00e7ocuk i\u015f\u00e7i \u00e7al\u0131\u015ft\u0131r\u0131lmas\u0131na m\u00fcsaade etmez ve t\u00fcm i\u015f ortaklar\u0131m\u0131zdan da ayn\u0131 hassasiyeti bekleriz.<\/li>\n<li>\u0130\u015fletme i\u00e7erisinde \u00e7ocuklar\u0131n geli\u015fimine katk\u0131da bulunan, d\u00fc\u015f\u00fcnce ve isteklerini, duygular\u0131n\u0131 rahat\u00e7a ifade edebilecekleri, kendilerini \u00f6zg\u00fcr ve rahat hissedecekleri ortamlar\/imkanlar sunar\u0131z.<\/li>\n<li>\u00c7al\u0131\u015fanlar\u0131m\u0131za, \u00e7ocuk istismar\u0131n\u0131n \u00f6nlenmesi ve fark edilmesi konusunda e\u011fitimler veririz.<\/li>\n<li>\u00c7ocuklar\u0131n kat\u0131ld\u0131klar\u0131 aktivitelerde yeti\u015fkin g\u00f6zetimi alt\u0131nda olduklar\u0131ndan emin oluruz.<\/li>\n<li>\u00c7ocuk haklar\u0131n\u0131n korunmas\u0131 konusunda fark\u0131ndal\u0131k yaratmak i\u00e7in e\u011fitimler d\u00fczenler ve ilgili projelere destek veririz.<\/li>\n<li>\u00c7ocuklar ile ilgili \u015f\u00fcpheli eylemlere \u015fahit oldu\u011fumuzda \u00f6ncelikle otel y\u00f6netimine bilgi verir, gerekli g\u00f6r\u00fclen durumlarda resmi kurulu\u015flardan yard\u0131m isteriz.<\/li>\n<\/ul>\n","protected":false},"excerpt":{"rendered":"<p>&nbsp; &nbsp; \u00a0 \u00c7OCUK HAKLARI POL\u0130T\u0130KASI \u00c7ocuklar bize gelece\u011fin emanetleridir. Onlar\u0131 bir birey olarak tan\u0131mak, haklar\u0131na sayg\u0131 duymak, her t\u00fcrl\u00fc psikolojik, fiziksel, ticari vb. s\u00f6m\u00fcr\u00fcye kar\u015f\u0131 g\u00f6zetmek ve korumak \u00f6ncelikli sorumlulu\u011fumuzdur. Bunu sa\u011flamak i\u00e7in; Kendi kurumlar\u0131m\u0131zda \u00e7ocuk i\u015f\u00e7i \u00e7al\u0131\u015ft\u0131r\u0131lmas\u0131na m\u00fcsaade etmez ve t\u00fcm i\u015f ortaklar\u0131m\u0131zdan da ayn\u0131 hassasiyeti bekleriz. \u0130\u015fletme i\u00e7erisinde \u00e7ocuklar\u0131n geli\u015fimine katk\u0131da bulunan, [&hellip;]<\/p>\n","protected":false},"author":1,"featured_media":0,"parent":0,"menu_order":0,"comment_status":"closed","ping_status":"closed","template":"","meta":{"footnotes":""},"class_list":["post-2599","page","type-page","status-publish","hentry"],"_links":{"self":[{"href":"https:\/\/www.s3orangehotel.com\/tr\/wp-json\/wp\/v2\/pages\/2599","targetHints":{"allow":["GET"]}}],"collection":[{"href":"https:\/\/www.s3orangehotel.com\/tr\/wp-json\/wp\/v2\/pages"}],"about":[{"href":"https:\/\/www.s3orangehotel.com\/tr\/wp-json\/wp\/v2\/types\/page"}],"author":[{"embeddable":true,"href":"https:\/\/www.s3orangehotel.com\/tr\/wp-json\/wp\/v2\/users\/1"}],"replies":[{"embeddable":true,"href":"https:\/\/www.s3orangehotel.com\/tr\/wp-json\/wp\/v2\/comments?post=2599"}],"version-history":[{"count":2,"href":"https:\/\/www.s3orangehotel.com\/tr\/wp-json\/wp\/v2\/pages\/2599\/revisions"}],"predecessor-version":[{"id":2729,"href":"https:\/\/www.s3orangehotel.com\/tr\/wp-json\/wp\/v2\/pages\/2599\/revisions\/2729"}],"wp:attachment":[{"href":"https:\/\/www.s3orangehotel.com\/tr\/wp-json\/wp\/v2\/media?parent=2599"}],"curies":[{"name":"wp","href":"https:\/\/api.w.org\/{rel}","templated":true}]}}