{"id":2606,"date":"2023-12-06T08:45:12","date_gmt":"2023-12-06T08:45:12","guid":{"rendered":"https:\/\/www.s3orangehotel.com\/?page_id=2606"},"modified":"2024-07-28T07:41:43","modified_gmt":"2024-07-28T07:41:43","slug":"surdurulebilir-satin-alma-politikasi","status":"publish","type":"page","link":"https:\/\/www.s3orangehotel.com\/tr\/surdurulebilir-satin-alma-politikasi\/","title":{"rendered":"S\u00dcRD\u00dcR\u00dcLEB\u0130L\u0130R SATIN ALMA\u00a0POL\u0130T\u0130KASI"},"content":{"rendered":"<p>&nbsp;<\/p>\n<p>&nbsp;<\/p>\n<p><img decoding=\"async\" class=\"alignnone size-full wp-image-2227\" src=\"https:\/\/www.s3orangehotel.com\/wp-content\/uploads\/2022\/01\/logo.png\" alt=\"\" width=\"305\" height=\"50\" srcset=\"https:\/\/www.s3orangehotel.com\/wp-content\/uploads\/2022\/01\/logo.png 305w, https:\/\/www.s3orangehotel.com\/wp-content\/uploads\/2022\/01\/logo-300x49.png 300w\" sizes=\"(max-width: 305px) 100vw, 305px\" \/><\/p>\n<p><strong>S\u00dcRD\u00dcR\u00dcLEB\u0130L\u0130R SATIN ALMA\u00a0 POL\u0130T\u0130KASI<\/strong><\/p>\n<p>S\u00fcrd\u00fcr\u00fclebilir tedarik anlay\u0131\u015f\u0131 do\u011frultusunda tedarik\u00e7ilerimizin\/\u00e7\u00f6z\u00fcm ortaklar\u0131m\u0131z\u0131n;<\/p>\n<ul>\n<li>Kalite G\u00fcvence Y\u00f6netim Sistemleri, \u00c7evre ve \u0130\u015f Sa\u011fl\u0131\u011f\u0131 G\u00fcvenli\u011fi Y\u00f6netim Sistemleri, uluslararas\u0131 d\u00fczeyde kabul g\u00f6rm\u00fc\u015f \u00e7evre ve s\u00fcrd\u00fcr\u00fclebilirlik etiktlerine\/sertifikalar\u0131na sahip olmas\u0131na,<\/li>\n<li>\u00dcretim ve tedarikte, \u00e7evreye zararl\u0131 etkilerinin olmamas\u0131na, \u00e7evre mevzuatlar\u0131na uyuyor olmas\u0131na,<\/li>\n<li>Kaynaklar\u0131; do\u011fal ya\u015fama, ekosisteme zarar vermeden, uygun bir \u015fekilde kullan\u0131yor\/t\u00fcketiyor olmas\u0131na, avlanma yasaklar\u0131na uyuyor olmas\u0131na,<\/li>\n<li>At\u0131klar\u0131n\u0131 en aza indirmek ve do\u011fru y\u00f6netmek i\u00e7in \u00e7al\u0131\u015f\u0131yor olmas\u0131na, \u00fcr\u00fcn ambalajlar\u0131nda daha az ambalajlamaya veya d\u00f6kme ambalajlama alternatifleri sunuyor olmas\u0131na,<\/li>\n<li>\u00c7evre dostu, tasarruflu, y\u00f6resel, etik de\u011ferlere \u00f6nem veren, geri d\u00f6n\u00fc\u015febilir veya geri d\u00f6n\u00fc\u015ft\u00fcr\u00fclm\u00fc\u015f malzeme kullanan, organik, bio, vegan, hayvanlar \u00fczerinde denenmemi\u015f, zararl\u0131 kimyasal bile\u015fenler i\u00e7ermeyen vb. alternatifleri sunmalar\u0131na,<\/li>\n<li>Yerli ve yerel \u00fcretim\/hizmet sa\u011flay\u0131c\u0131s\u0131 olmas\u0131na,<\/li>\n<li>\u00dclkemizin\/b\u00f6lgemizin mutfa\u011f\u0131n\u0131, geleneklerini, k\u00fclt\u00fcr\u00fcn\u00fc yans\u0131tan\/tan\u0131tan \u00fcr\u00fcn\/hizmet olmas\u0131na,<\/li>\n<\/ul>\n<p>\u00d6nem verir ve bu bak\u0131\u015f a\u00e7\u0131m\u0131z\u0131 payda\u015f \u00a0tedarik\u00e7ilerimize iletiriz. Tedarik\u00e7ilerimiz ile birlikte verimli sat\u0131n alma f\u0131rsatlar\u0131 yaratmaya \u00e7al\u0131\u015f\u0131r, tedarik s\u00fcre\u00e7lerinden do\u011fan \u00e7evre etkilerini azaltmay\u0131 hedefleriz.<\/p>\n","protected":false},"excerpt":{"rendered":"<p>&nbsp; &nbsp; S\u00dcRD\u00dcR\u00dcLEB\u0130L\u0130R SATIN ALMA\u00a0 POL\u0130T\u0130KASI S\u00fcrd\u00fcr\u00fclebilir tedarik anlay\u0131\u015f\u0131 do\u011frultusunda tedarik\u00e7ilerimizin\/\u00e7\u00f6z\u00fcm ortaklar\u0131m\u0131z\u0131n; Kalite G\u00fcvence Y\u00f6netim Sistemleri, \u00c7evre ve \u0130\u015f Sa\u011fl\u0131\u011f\u0131 G\u00fcvenli\u011fi Y\u00f6netim Sistemleri, uluslararas\u0131 d\u00fczeyde kabul g\u00f6rm\u00fc\u015f \u00e7evre ve s\u00fcrd\u00fcr\u00fclebilirlik etiktlerine\/sertifikalar\u0131na sahip olmas\u0131na, \u00dcretim ve tedarikte, \u00e7evreye zararl\u0131 etkilerinin olmamas\u0131na, \u00e7evre mevzuatlar\u0131na uyuyor olmas\u0131na, Kaynaklar\u0131; do\u011fal ya\u015fama, ekosisteme zarar vermeden, uygun bir \u015fekilde kullan\u0131yor\/t\u00fcketiyor olmas\u0131na, [&hellip;]<\/p>\n","protected":false},"author":1,"featured_media":0,"parent":0,"menu_order":0,"comment_status":"closed","ping_status":"closed","template":"","meta":{"footnotes":""},"class_list":["post-2606","page","type-page","status-publish","hentry"],"_links":{"self":[{"href":"https:\/\/www.s3orangehotel.com\/tr\/wp-json\/wp\/v2\/pages\/2606","targetHints":{"allow":["GET"]}}],"collection":[{"href":"https:\/\/www.s3orangehotel.com\/tr\/wp-json\/wp\/v2\/pages"}],"about":[{"href":"https:\/\/www.s3orangehotel.com\/tr\/wp-json\/wp\/v2\/types\/page"}],"author":[{"embeddable":true,"href":"https:\/\/www.s3orangehotel.com\/tr\/wp-json\/wp\/v2\/users\/1"}],"replies":[{"embeddable":true,"href":"https:\/\/www.s3orangehotel.com\/tr\/wp-json\/wp\/v2\/comments?post=2606"}],"version-history":[{"count":2,"href":"https:\/\/www.s3orangehotel.com\/tr\/wp-json\/wp\/v2\/pages\/2606\/revisions"}],"predecessor-version":[{"id":2732,"href":"https:\/\/www.s3orangehotel.com\/tr\/wp-json\/wp\/v2\/pages\/2606\/revisions\/2732"}],"wp:attachment":[{"href":"https:\/\/www.s3orangehotel.com\/tr\/wp-json\/wp\/v2\/media?parent=2606"}],"curies":[{"name":"wp","href":"https:\/\/api.w.org\/{rel}","templated":true}]}}