{"id":2620,"date":"2021-12-23T11:26:28","date_gmt":"2021-12-23T11:26:28","guid":{"rendered":"https:\/\/www.s3orangehotel.com\/abouthotel\/"},"modified":"2023-12-06T09:02:25","modified_gmt":"2023-12-06T09:02:25","slug":"hakkimizda","status":"publish","type":"page","link":"https:\/\/www.s3orangehotel.com\/tr\/hakkimizda\/","title":{"rendered":"S3 Orange Hotel"},"content":{"rendered":"\t\t<div data-elementor-type=\"wp-page\" data-elementor-id=\"2620\" class=\"elementor elementor-2620 elementor-938\">\n\t\t\t\t\t\t<section class=\"elementor-section elementor-top-section elementor-element elementor-element-8ac3344 elementor-section-full_width elementor-section-height-default elementor-section-height-default\" data-id=\"8ac3344\" data-element_type=\"section\">\n\t\t\t\t\t\t<div class=\"elementor-container elementor-column-gap-default\">\n\t\t\t\t\t<div class=\"elementor-column elementor-col-100 elementor-top-column elementor-element elementor-element-3bbd258\" data-id=\"3bbd258\" data-element_type=\"column\">\n\t\t\t<div class=\"elementor-widget-wrap elementor-element-populated\">\n\t\t\t\t\t\t<div class=\"elementor-element elementor-element-df2978d elementor-widget elementor-widget-bluebell_features_services_v4\" data-id=\"df2978d\" data-element_type=\"widget\" data-widget_type=\"bluebell_features_services_v4.default\">\n\t\t\t\t<div class=\"elementor-widget-container\">\n\t\t\t      \n\t<!-- service section four -->\n    <section class=\"service-section-four light-bg mx-60 border-shape-top border-shape-bottom\">\n        <div class=\"auto-container\">\n            <div class=\"service-title text-center\">S3 Orange Hotel Oludeniz<\/div>            <div class=\"text text-center\">M\u00fckemmel konuma sahip bu butik otel, 1968'den bu yana turizm sekt\u00f6r\u00fcnde yer alan \u00d6zdemir ailesi taraf\u0131ndan i\u015fletiliyor. Y\u0131llar boyunca kaliteli yemek, m\u00fckemmel hizmet ve fiyat\u0131n\u0131n kar\u015f\u0131l\u0131\u011f\u0131n\u0131 veren bir itibar kazand\u0131lar. Bu b\u00fcy\u00fcleyici otel, \u00d6l\u00fcdeniz'in merkezinde, \u00fcnl\u00fc \u00d6l\u00fcdeniz Plaj\u0131 ve Mavi Lag\u00fcn Tabiat Park\u0131'na sadece birka\u00e7 dakika uzakl\u0131kta yer almaktad\u0131r. Bu pop\u00fcler Akdeniz beldesinde \u00e7ok \u00e7e\u015fitli ma\u011fazalar, barlar ve restoranlar bulunmaktad\u0131r. Toplam 25 odas\u0131 (2 Premium, 4 Exclusive, 6 Deluxe &amp; 13 standart) bulunan bu otel, balay\u0131 \u00e7iftleri, romantik ka\u00e7amaklar, aileler ve di\u011fer gruplar\u0131n g\u00f6zdesidir. Dalaman Havaliman\u0131 \u00d6l\u00fcdeniz'e 60 km mesafededir. Yerel liman ve pazar kasabas\u0131 Fethiye'ye dolmu\u015fla kolayca ula\u015f\u0131labilir ve 5 dakikal\u0131k bir taksi yolculu\u011fuyla Hisa\u00f6n\u00fc'ne ula\u015fabilirsiniz. Her iki yerde de davetkar restoranlar, canl\u0131 gece hayat\u0131 ve harika al\u0131\u015fveri\u015f olanaklar\u0131 bulacaks\u0131n\u0131z...<\/div>            <div class=\"services-block-wrapper\">\n                                <div class=\"service-block-three\">\n                    <div class=\"row\">\n                                                <div class=\"col-lg-7 image-column\">\n                            <div class=\"image\"><img decoding=\"async\" src=\"https:\/\/www.s3orangehotel.com\/wp-content\/uploads\/2021\/12\/50843975.jpg\" alt=\"Awesome Image\"><\/div>\n                        <\/div>\n                                                <div class=\"col-lg-5 content-column\">\n                            <div class=\"content\">\n                            \t <div class=\"sub-title\">Hotel<\/div>                                <h2 class=\"sec-title small mb-30\">S3 Orange Hotel<\/h2>                                <div class=\"text-two\">Y\u00fczme havuzu, konforlu \u015fezlonglar, dinlenme i\u00e7in k\u00f6\u015fkler, talep \u00fczerine havuz havlular\u0131, \u00fccretsiz WiFi, 24 saat resepsiyon, yang\u0131n alarm\u0131, g\u00fcnl\u00fck temizlik hizmeti, \u00c7ama\u015f\u0131rhane hizmeti, uyand\u0131rma servisi, A La Carte Restoran ve a\u00e7\u0131k b\u00fcfe kahvalt\u0131 servisli bar . Resepsiyon taraf\u0131ndan \u00f6zel havaalan\u0131 transferleri, kiral\u0131k arabalar ve yerel turlar d\u00fczenlenebilir. \u00d6zel g\u00fcnler i\u00e7in ek hizmetler (\u00e7i\u00e7ek, \u015fampanya vb) de d\u00fczenlenebilmektedir.<\/div>                                                                                            <\/div>\n                        <\/div>\n                    <\/div>\n                <\/div>\n                                <div class=\"service-block-three\">\n                    <div class=\"row\">\n                                                <div class=\"col-lg-7 image-column\">\n                            <div class=\"image\"><img decoding=\"async\" src=\"https:\/\/www.s3orangehotel.com\/wp-content\/uploads\/2022\/11\/214799083.jpg\" alt=\"Awesome Image\"><\/div>\n                        <\/div>\n                                                <div class=\"col-lg-5 content-column\">\n                            <div class=\"content\">\n                            \t <div class=\"sub-title\">eat and drink<\/div>                                <h2 class=\"sec-title small mb-30\">Restaurant &amp; Bar<\/h2>                                <div class=\"text-two\">A\u00e7\u0131k b\u00fcfe kahvalt\u0131 hizmeti veren A La Carte Restoran ve bar. S3 Orange Hotels'\u0131n restoran\u0131nda geleneksel T\u00fcrk mutfa\u011f\u0131ndan lezzetler i\u00e7eren yerel bir yemek men\u00fcs\u00fc mevcuttur. G\u00fcn\u00fcn 24 saati hizmet veren resepsiyon personeli, odada kahvalt\u0131 ve oda servisi ayarlayabilir.<\/div>                                                                                            <\/div>\n                        <\/div>\n                    <\/div>\n                <\/div>\n                                <div class=\"service-block-three\">\n                    <div class=\"row\">\n                                                <div class=\"col-lg-7 image-column\">\n                            <div class=\"image\"><img decoding=\"async\" src=\"https:\/\/www.s3orangehotel.com\/wp-content\/uploads\/2022\/11\/72965464.jpg\" alt=\"Awesome Image\"><\/div>\n                        <\/div>\n                                                <div class=\"col-lg-5 content-column\">\n                            <div class=\"content\">\n                            \t <div class=\"sub-title\">S3 Orange<\/div>                                <h2 class=\"sec-title small mb-30\">Odalar<\/h2>                                <div class=\"text-two\">oplam 25 odas\u0131 (2 Premium, 4 Exclusive, 6 Deluxe &amp; 13 standart) bulunan bu otel, balay\u0131 \u00e7iftleri, romantik ka\u00e7amaklar, aileler ve di\u011fer gruplar\u0131n g\u00f6zdesidir.<\/div>                                                                                            <\/div>\n                        <\/div>\n                    <\/div>\n                <\/div>\n                                <div class=\"service-block-three\">\n                    <div class=\"row\">\n                                                <div class=\"col-lg-7 image-column\">\n                            <div class=\"image\"><img decoding=\"async\" src=\"https:\/\/www.s3orangehotel.com\/wp-content\/uploads\/2022\/11\/all-the-beauties-that.jpg\" alt=\"Awesome Image\"><\/div>\n                        <\/div>\n                                                <div class=\"col-lg-5 content-column\">\n                            <div class=\"content\">\n                            \t <div class=\"sub-title\">\u00c7evre<\/div>                                <h2 class=\"sec-title small mb-30\">Aktiviteler<\/h2>                                <div class=\"text-two\">S3 Orange Hotel'de, biti\u015fi\u011finde bar bulunan ve Babada\u011f manzaral\u0131 bir a\u00e7\u0131k havuz bulunmaktad\u0131r. Turkuaz sular\u0131yla \u00fcnl\u00fc Mavi Lag\u00fcn Plaj\u0131 50 metre uzakl\u0131ktad\u0131r.<\/div>                                                                                            <\/div>\n                        <\/div>\n                    <\/div>\n                <\/div>\n                            <\/div>\n        <\/div>\n    <\/section>        \n        \n\t\t\t<\/div>\n\t\t\t\t<\/div>\n\t\t\t\t\t<\/div>\n\t\t<\/div>\n\t\t\t\t\t<\/div>\n\t\t<\/section>\n\t\t\t\t<\/div>\n\t\t","protected":false},"excerpt":{"rendered":"<p>S3 Orange Hotel Oludeniz M\u00fckemmel konuma sahip bu butik otel, 1968&#8217;den bu yana turizm sekt\u00f6r\u00fcnde yer alan \u00d6zdemir ailesi taraf\u0131ndan i\u015fletiliyor. Y\u0131llar boyunca kaliteli yemek, m\u00fckemmel hizmet ve fiyat\u0131n\u0131n kar\u015f\u0131l\u0131\u011f\u0131n\u0131 veren bir itibar kazand\u0131lar. Bu b\u00fcy\u00fcleyici otel, \u00d6l\u00fcdeniz&#8217;in merkezinde, \u00fcnl\u00fc \u00d6l\u00fcdeniz Plaj\u0131 ve Mavi Lag\u00fcn Tabiat Park\u0131&#8217;na sadece birka\u00e7 dakika uzakl\u0131kta yer almaktad\u0131r. Bu pop\u00fcler [&hellip;]<\/p>\n","protected":false},"author":1,"featured_media":0,"parent":0,"menu_order":0,"comment_status":"closed","ping_status":"closed","template":"tpl-default-elementor.php","meta":{"footnotes":""},"class_list":["post-2620","page","type-page","status-publish","hentry"],"_links":{"self":[{"href":"https:\/\/www.s3orangehotel.com\/tr\/wp-json\/wp\/v2\/pages\/2620","targetHints":{"allow":["GET"]}}],"collection":[{"href":"https:\/\/www.s3orangehotel.com\/tr\/wp-json\/wp\/v2\/pages"}],"about":[{"href":"https:\/\/www.s3orangehotel.com\/tr\/wp-json\/wp\/v2\/types\/page"}],"author":[{"embeddable":true,"href":"https:\/\/www.s3orangehotel.com\/tr\/wp-json\/wp\/v2\/users\/1"}],"replies":[{"embeddable":true,"href":"https:\/\/www.s3orangehotel.com\/tr\/wp-json\/wp\/v2\/comments?post=2620"}],"version-history":[{"count":4,"href":"https:\/\/www.s3orangehotel.com\/tr\/wp-json\/wp\/v2\/pages\/2620\/revisions"}],"predecessor-version":[{"id":2625,"href":"https:\/\/www.s3orangehotel.com\/tr\/wp-json\/wp\/v2\/pages\/2620\/revisions\/2625"}],"wp:attachment":[{"href":"https:\/\/www.s3orangehotel.com\/tr\/wp-json\/wp\/v2\/media?parent=2620"}],"curies":[{"name":"wp","href":"https:\/\/api.w.org\/{rel}","templated":true}]}}