{"id":2626,"date":"2021-12-21T17:39:17","date_gmt":"2021-12-21T17:39:17","guid":{"rendered":"https:\/\/www.s3orangehotel.com\/s3rooms\/"},"modified":"2023-12-06T09:48:28","modified_gmt":"2023-12-06T09:48:28","slug":"odalar","status":"publish","type":"page","link":"https:\/\/www.s3orangehotel.com\/tr\/odalar\/","title":{"rendered":"Odalar"},"content":{"rendered":"\t\t<div data-elementor-type=\"wp-page\" data-elementor-id=\"2626\" class=\"elementor elementor-2626 elementor-929\">\n\t\t\t\t\t\t<section class=\"elementor-section elementor-top-section elementor-element elementor-element-a94c192 elementor-section-full_width elementor-section-height-default elementor-section-height-default\" data-id=\"a94c192\" data-element_type=\"section\">\n\t\t\t\t\t\t<div class=\"elementor-container elementor-column-gap-default\">\n\t\t\t\t\t<div class=\"elementor-column elementor-col-100 elementor-top-column elementor-element elementor-element-37253ca\" data-id=\"37253ca\" data-element_type=\"column\">\n\t\t\t<div class=\"elementor-widget-wrap elementor-element-populated\">\n\t\t\t\t\t\t<div class=\"elementor-element elementor-element-f9dffeb elementor-widget elementor-widget-bluebell_room_list_view\" data-id=\"f9dffeb\" data-element_type=\"widget\" data-widget_type=\"bluebell_room_list_view.default\">\n\t\t\t\t<div class=\"elementor-widget-container\">\n\t\t\t\t\n\t<!-- room list section  -->\n    <section class=\"room-list-section light-bg mx-60 border-shape-top\">\n        <div class=\"auto-container\">\n                        <div class=\"text-center\">\n                <div class=\"sub-title\">S3 Orange Hotel Rooms<\/div>                <div class=\"text\">This charming hotel is located in the center of \u00d6l\u00fcdeniz, just minutes away from the famous \u00d6l\u00fcdeniz Beach and Blue Lagoon Nature Park. This popular Mediterranean resort has a wide range of shops, bars and restaurants. With a total of 25 rooms (2 Premium, 4 Exclusive, 6 Deluxe &amp; 13 Standard), this hotel is a favorite with honeymooners, romantic getaways, families and other groups. Dalaman Airport is 60 km from \u00d6l\u00fcdeniz.<\/div>            <\/div>\n                        \n                        <div class=\"room-block-three\">\n                <div class=\"row align-items-center\">\n                    <div class=\"col-lg-6\">\n                        <a href=\"https:\/\/www.s3orangehotel.com\/tr\/rooms\/standardrooms\/\"><div class=\"image\"><img fetchpriority=\"high\" decoding=\"async\" width=\"520\" height=\"360\" src=\"https:\/\/www.s3orangehotel.com\/wp-content\/uploads\/2022\/01\/214799112-520x360.jpg\" class=\"attachment-bluebell_520x360 size-bluebell_520x360 wp-post-image\" alt=\"\" \/><\/div><\/a>\n                    <\/div>\n                    <div class=\"col-lg-6\">\n                        <div class=\"pricing\">\n\n\t<div class=\"price\">\n\t\t<span class=\"title-price\">Price from<\/span>\n\n\t\t\t\t\t<span class=\"price_value price_min\">&#36;0.0<\/span>\n\t\t\n\t\t<span class=\"unit\">Night<\/span>\n\t<\/div>\n<\/div>\n                        <h3><a href=\"https:\/\/www.s3orangehotel.com\/tr\/rooms\/standardrooms\/\">Standart Odalar<\/a><\/h3>\n                        <div class=\"icon-list\">\n                            <ul>\n                                <li><i class=\"flaticon-bed\"><\/i>Comfy beds<\/li>\n                                <li><i class=\"flaticon-bath-1\"><\/i>Balcony<\/li>\n                                <li><i class=\"flaticon-blueprint\"><\/i>15 m\u00b2<\/li>\n                            <\/ul>\n                        <\/div>\n                        <div class=\"text-two\">STANDART ODALAR, geni\u015f bir balkon veya ...<\/div>\n                        <div class=\"link-btn\"><a href=\"https:\/\/www.s3orangehotel.com\/tr\/rooms\/standardrooms\/\" class=\"theme-btn btn-style-one btn-md\"><span>Oda Detaylar\u0131<\/span><\/a><\/div>\n                    <\/div>\n                <\/div>\n            <\/div>\n                        <div class=\"room-block-three\">\n                <div class=\"row align-items-center\">\n                    <div class=\"col-lg-6\">\n                        <a href=\"https:\/\/www.s3orangehotel.com\/tr\/rooms\/exclusive-double-room\/\"><div class=\"image\"><img decoding=\"async\" width=\"520\" height=\"360\" src=\"https:\/\/www.s3orangehotel.com\/wp-content\/uploads\/2022\/11\/72965501-520x360.jpg\" class=\"attachment-bluebell_520x360 size-bluebell_520x360 wp-post-image\" alt=\"\" \/><\/div><\/a>\n                    <\/div>\n                    <div class=\"col-lg-6\">\n                        <div class=\"pricing\">\n\n\t<div class=\"price\">\n\t\t<span class=\"title-price\">Price from<\/span>\n\n\t\t\t\t\t<span class=\"price_value price_min\">&#36;0.0<\/span>\n\t\t\n\t\t<span class=\"unit\">Night<\/span>\n\t<\/div>\n<\/div>\n                        <h3><a href=\"https:\/\/www.s3orangehotel.com\/tr\/rooms\/exclusive-double-room\/\">\u00d6zel \u00c7ift Ki\u015filik Oda<\/a><\/h3>\n                        <div class=\"icon-list\">\n                            <ul>\n                                <li><i class=\"flaticon-bed\"><\/i>Comfy beds<\/li>\n                                <li><i class=\"flaticon-bath-1\"><\/i>Balcony<\/li>\n                                <li><i class=\"flaticon-blueprint\"><\/i>22 m\u00b2<\/li>\n                            <\/ul>\n                        <\/div>\n                        <div class=\"text-two\">EXCLUSIVE ODALAR daha fazla mahremiyet sa\u011flamak ...<\/div>\n                        <div class=\"link-btn\"><a href=\"https:\/\/www.s3orangehotel.com\/tr\/rooms\/exclusive-double-room\/\" class=\"theme-btn btn-style-one btn-md\"><span>Oda Detaylar\u0131<\/span><\/a><\/div>\n                    <\/div>\n                <\/div>\n            <\/div>\n                        <div class=\"room-block-three\">\n                <div class=\"row align-items-center\">\n                    <div class=\"col-lg-6\">\n                        <a href=\"https:\/\/www.s3orangehotel.com\/tr\/rooms\/comfort-double-room-with-bath\/\"><div class=\"image\"><img decoding=\"async\" width=\"520\" height=\"360\" src=\"https:\/\/www.s3orangehotel.com\/wp-content\/uploads\/2022\/11\/72965080-520x360.jpg\" class=\"attachment-bluebell_520x360 size-bluebell_520x360 wp-post-image\" alt=\"\" \/><\/div><\/a>\n                    <\/div>\n                    <div class=\"col-lg-6\">\n                        <div class=\"pricing\">\n\n\t<div class=\"price\">\n\t\t<span class=\"title-price\">Price from<\/span>\n\n\t\t\t\t\t<span class=\"price_value price_min\">&#36;0.0<\/span>\n\t\t\n\t\t<span class=\"unit\">Night<\/span>\n\t<\/div>\n<\/div>\n                        <h3><a href=\"https:\/\/www.s3orangehotel.com\/tr\/rooms\/comfort-double-room-with-bath\/\">Comfort \u00c7ift Ki\u015filik Oda &#8211; K\u00fcvetli<\/a><\/h3>\n                        <div class=\"icon-list\">\n                            <ul>\n                                <li><i class=\"flaticon-bed\"><\/i>Comfy beds<\/li>\n                                <li><i class=\"flaticon-bath-1\"><\/i>Terrace<\/li>\n                                <li><i class=\"flaticon-blueprint\"><\/i>22 m\u00b2<\/li>\n                            <\/ul>\n                        <\/div>\n                        <div class=\"text-two\">Comfort \u00c7ift Ki\u015filik Banyolu Odalar zemin ...<\/div>\n                        <div class=\"link-btn\"><a href=\"https:\/\/www.s3orangehotel.com\/tr\/rooms\/comfort-double-room-with-bath\/\" class=\"theme-btn btn-style-one btn-md\"><span>Oda Detaylar\u0131<\/span><\/a><\/div>\n                    <\/div>\n                <\/div>\n            <\/div>\n                        <div class=\"room-block-three\">\n                <div class=\"row align-items-center\">\n                    <div class=\"col-lg-6\">\n                        <a href=\"https:\/\/www.s3orangehotel.com\/tr\/rooms\/premium-double-room\/\"><div class=\"image\"><img loading=\"lazy\" decoding=\"async\" width=\"520\" height=\"360\" src=\"https:\/\/www.s3orangehotel.com\/wp-content\/uploads\/2022\/11\/74821559-520x360.jpg\" class=\"attachment-bluebell_520x360 size-bluebell_520x360 wp-post-image\" alt=\"\" \/><\/div><\/a>\n                    <\/div>\n                    <div class=\"col-lg-6\">\n                        <div class=\"pricing\">\n\n\t<div class=\"price\">\n\t\t<span class=\"title-price\">Price from<\/span>\n\n\t\t\t\t\t<span class=\"price_value price_min\">&#36;0.0<\/span>\n\t\t\n\t\t<span class=\"unit\">Night<\/span>\n\t<\/div>\n<\/div>\n                        <h3><a href=\"https:\/\/www.s3orangehotel.com\/tr\/rooms\/premium-double-room\/\">Premium \u00c7ift Ki\u015filik Oda<\/a><\/h3>\n                        <div class=\"icon-list\">\n                            <ul>\n                                <li><i class=\"flaticon-bed\"><\/i>Comfy beds<\/li>\n                                <li><i class=\"flaticon-bath-1\"><\/i>Balcony<\/li>\n                                <li><i class=\"flaticon-blueprint\"><\/i>25<\/li>\n                            <\/ul>\n                        <\/div>\n                        <div class=\"text-two\">PREMIUM ODALAR Exclusive odalar\u0131m\u0131za benzer dekorasyona ...<\/div>\n                        <div class=\"link-btn\"><a href=\"https:\/\/www.s3orangehotel.com\/tr\/rooms\/premium-double-room\/\" class=\"theme-btn btn-style-one btn-md\"><span>Oda Detaylar\u0131<\/span><\/a><\/div>\n                    <\/div>\n                <\/div>\n            <\/div>\n                        <div class=\"room-block-three\">\n                <div class=\"row align-items-center\">\n                    <div class=\"col-lg-6\">\n                        <a href=\"https:\/\/www.s3orangehotel.com\/tr\/rooms\/premium-cift-kisilik-oda-deniz-manzarali\/\"><div class=\"image\"><img loading=\"lazy\" decoding=\"async\" width=\"520\" height=\"360\" src=\"https:\/\/www.s3orangehotel.com\/wp-content\/uploads\/2022\/11\/72965403-520x360.jpg\" class=\"attachment-bluebell_520x360 size-bluebell_520x360 wp-post-image\" alt=\"\" \/><\/div><\/a>\n                    <\/div>\n                    <div class=\"col-lg-6\">\n                        <div class=\"pricing\">\n\n\t<div class=\"price\">\n\t\t<span class=\"title-price\">Price from<\/span>\n\n\t\t\t\t\t<span class=\"price_value price_min\">&#36;0.0<\/span>\n\t\t\n\t\t<span class=\"unit\">Night<\/span>\n\t<\/div>\n<\/div>\n                        <h3><a href=\"https:\/\/www.s3orangehotel.com\/tr\/rooms\/premium-cift-kisilik-oda-deniz-manzarali\/\">Premium \u00c7ift Ki\u015filik Oda &#8211; Deniz Manzaral\u0131<\/a><\/h3>\n                        <div class=\"icon-list\">\n                            <ul>\n                                <li><i class=\"flaticon-bed\"><\/i>Rahat Yatak<\/li>\n                                <li><i class=\"flaticon-bath-1\"><\/i>Balkon<\/li>\n                                <li><i class=\"flaticon-blueprint\"><\/i>25<\/li>\n                            <\/ul>\n                        <\/div>\n                        <div class=\"text-two\">PREMIUM ODALAR Exclusive odalar\u0131m\u0131za benzer dekorasyona ...<\/div>\n                        <div class=\"link-btn\"><a href=\"https:\/\/www.s3orangehotel.com\/tr\/rooms\/premium-cift-kisilik-oda-deniz-manzarali\/\" class=\"theme-btn btn-style-one btn-md\"><span>Oda Detaylar\u0131<\/span><\/a><\/div>\n                    <\/div>\n                <\/div>\n            <\/div>\n                        \n\t\t\t            <div class=\"styled-pagination ms-0 text-center\">\n                            <\/div>\n                    <\/div>\n    <\/section>\n                   \n\t\t\t<\/div>\n\t\t\t\t<\/div>\n\t\t\t\t\t<\/div>\n\t\t<\/div>\n\t\t\t\t\t<\/div>\n\t\t<\/section>\n\t\t\t\t<\/div>\n\t\t","protected":false},"excerpt":{"rendered":"<p>S3 Orange Hotel Rooms This charming hotel is located in the center of \u00d6l\u00fcdeniz, just minutes away from the famous \u00d6l\u00fcdeniz Beach and Blue Lagoon Nature Park. This popular Mediterranean resort has a wide range of shops, bars and restaurants. With a total of 25 rooms (2 Premium, 4 Exclusive, 6 Deluxe &amp; 13 Standard), [&hellip;]<\/p>\n","protected":false},"author":1,"featured_media":0,"parent":0,"menu_order":0,"comment_status":"closed","ping_status":"closed","template":"tpl-default-elementor.php","meta":{"footnotes":""},"class_list":["post-2626","page","type-page","status-publish","hentry"],"_links":{"self":[{"href":"https:\/\/www.s3orangehotel.com\/tr\/wp-json\/wp\/v2\/pages\/2626","targetHints":{"allow":["GET"]}}],"collection":[{"href":"https:\/\/www.s3orangehotel.com\/tr\/wp-json\/wp\/v2\/pages"}],"about":[{"href":"https:\/\/www.s3orangehotel.com\/tr\/wp-json\/wp\/v2\/types\/page"}],"author":[{"embeddable":true,"href":"https:\/\/www.s3orangehotel.com\/tr\/wp-json\/wp\/v2\/users\/1"}],"replies":[{"embeddable":true,"href":"https:\/\/www.s3orangehotel.com\/tr\/wp-json\/wp\/v2\/comments?post=2626"}],"version-history":[{"count":9,"href":"https:\/\/www.s3orangehotel.com\/tr\/wp-json\/wp\/v2\/pages\/2626\/revisions"}],"predecessor-version":[{"id":2689,"href":"https:\/\/www.s3orangehotel.com\/tr\/wp-json\/wp\/v2\/pages\/2626\/revisions\/2689"}],"wp:attachment":[{"href":"https:\/\/www.s3orangehotel.com\/tr\/wp-json\/wp\/v2\/media?parent=2626"}],"curies":[{"name":"wp","href":"https:\/\/api.w.org\/{rel}","templated":true}]}}