{"id":2694,"date":"2021-12-24T10:23:09","date_gmt":"2021-12-24T10:23:09","guid":{"rendered":"https:\/\/www.s3orangehotel.com\/oludeniz\/"},"modified":"2023-12-06T09:56:16","modified_gmt":"2023-12-06T09:56:16","slug":"oludeniz","status":"publish","type":"page","link":"https:\/\/www.s3orangehotel.com\/tr\/oludeniz\/","title":{"rendered":"Oludeniz"},"content":{"rendered":"\t\t<div data-elementor-type=\"wp-page\" data-elementor-id=\"2694\" class=\"elementor elementor-2694 elementor-977\">\n\t\t\t\t\t\t<section class=\"elementor-section elementor-top-section elementor-element elementor-element-46e42af elementor-section-full_width elementor-section-height-default elementor-section-height-default\" data-id=\"46e42af\" data-element_type=\"section\">\n\t\t\t\t\t\t<div class=\"elementor-container elementor-column-gap-default\">\n\t\t\t\t\t<div class=\"elementor-column elementor-col-100 elementor-top-column elementor-element elementor-element-198ed1f\" data-id=\"198ed1f\" data-element_type=\"column\">\n\t\t\t<div class=\"elementor-widget-wrap elementor-element-populated\">\n\t\t\t\t\t\t<div class=\"elementor-element elementor-element-f4ae335 elementor-widget elementor-widget-bluebell_our_facilities_v2\" data-id=\"f4ae335\" data-element_type=\"widget\" data-widget_type=\"bluebell_our_facilities_v2.default\">\n\t\t\t\t<div class=\"elementor-widget-container\">\n\t\t\t        \n    <!-- activities section -->\n    <section class=\"activities-section light-bg mx-60 border-shape-top\">\n        <div class=\"auto-container\">\n            <div class=\"sub-title\">Oludeniz<\/div>            <h2 class=\"sec-title\">\u00d6l\u00fcdeniz hakk\u0131nda<\/h2>            <div class=\"top-text mb_40\">\n                <div class=\"row\">\n                                        <div class=\"col-lg-6\">\n                        <div class=\"text\">\u00d6l\u00fcdeniz, Fethiye'nin k\u00fc\u00e7\u00fck bir kasabas\u0131d\u0131r. Fethiye il\u00e7e merkezine 13 km, Hisar\u00f6n\u00fc'ne 4 km, \u00fcnl\u00fc \u00c7al\u0131\u015f Plaj\u0131'na 18 km mesafededir. Mavi Lag\u00fcn olarak da bilinen \u00d6l\u00fcdeniz, T\u00fcrkiye'nin ve Avrupa'n\u0131n en pop\u00fcler tatil yerlerinden biridir. E\u015fsiz denizi ve muhte\u015fem manzaras\u0131, beldeyi pop\u00fcler hale getiriyor ve d\u00fcnyan\u0131n en \u00e7ok foto\u011fraflanan plajlar\u0131ndan biri haline getiriyor. \u00d6l\u00fcdeniz, sahil kenar\u0131nda otel ve pansiyonlar\u0131n yan\u0131 s\u0131ra harika restoran ve barlarla dolu bir sahil beldesidir. Vadi, yine d\u00fcnyada yama\u00e7 para\u015f\u00fct\u00e7\u00fclerinin son derece pop\u00fcler oldu\u011fu Babada\u011f'\u0131n hemen ete\u011finde yer al\u0131yor. Muhte\u015fem manzaras\u0131 ve hava ko\u015fullar\u0131yla d\u00fcnyan\u0131n en iyi yama\u00e7 para\u015f\u00fct\u00fc noktalar\u0131ndan biridir. <\/div>\n                    <\/div>\n                                        \n                                        <div class=\"col-lg-6\">\n                        <div class=\"ps-lg-5 pe-lg-5\">\n                            <div class=\"text\">\u00d6l\u00fcdeniz plaj\u0131 2 b\u00f6l\u00fcmden olu\u015fmaktad\u0131r. 1. k\u0131sm\u0131 Belcek\u0131z ad\u0131nda uzun kumlu plajd\u0131r. Di\u011fer k\u0131sm\u0131 ise \u00f6l\u00fc deniz dedi\u011fimiz k\u0131s\u0131md\u0131r. \u00d6l\u00fc Deniz (\u00d6l\u00fcdeniz anlam\u0131na gelir) ulusal rezerv olarak koruma alt\u0131ndad\u0131r. R\u00fczg\u00e2rl\u0131 g\u00fcnlerde ve f\u0131rt\u0131nalarda bile deniz burada havuz gibi sakin kal\u0131yor. Muhte\u015fem sular\u0131 ve plaj\u0131yla d\u00fcnyan\u0131n en iyi 5 plaj\u0131 aras\u0131nda g\u00f6steriliyor. <\/div>\n                        <\/div>\n                    <\/div>\n                                    <\/div>\n            <\/div>\n            <div class=\"row\">\n                                <div class=\"col-lg-6\">                    \n                    <div class=\"inner-box\">\n                        <div class=\"image\"><img decoding=\"async\" src=\"https:\/\/www.s3orangehotel.com\/wp-content\/uploads\/2022\/11\/oludeniz-blue-lagoon.jpg\" alt=\"Awesome Image\"><\/div>                        <div class=\"lower-contant\">\n                            <div class=\"text-two\">Oludeniz Sahili<\/div>                            <h5>\u00d6l\u00fcdeniz Beach &amp; Lagoon<\/h5>                            <div class=\"text-three\">Turistlerin \u00e7o\u011fu, \u00d6l\u00fcdeniz'in \u00fcnl\u00fc kumlar\u0131nda g\u00fcne\u015flenmek ve y\u00fczmek i\u00e7in buraya geliyor. Yemye\u015fil \u00e7am ormanlar\u0131n\u0131n yama\u00e7lar\u0131yla desteklenen buradaki geni\u015f plaj, \u00e7\u0131k\u0131nt\u0131l\u0131 bir k\u0131y\u0131 boyunca uzan\u0131yor ve kuzey ucunda T\u00fcrkiye'nin en \u00e7ok foto\u011fraf \u00e7ekim yerlerinden biri olan bir lag\u00fcn olu\u015fturuyor. <\/div>                        <\/div>\n                    <\/div>\n                <\/div>\n                                <div class=\"col-lg-6\">                    \n                    <div class=\"inner-box\">\n                        <div class=\"image\"><img decoding=\"async\" src=\"https:\/\/www.s3orangehotel.com\/wp-content\/uploads\/2022\/11\/paragliding.jpg\" alt=\"Awesome Image\"><\/div>                        <div class=\"lower-contant\">\n                            <div class=\"text-two\">Spor Aktiviteleri<\/div>                            <h5>Yama\u00e7 Para\u015f\u00fct\u00fc<\/h5>                            <div class=\"text-three\">\u0130nan\u0131lmaz Akdeniz hava manzaralar\u0131 e\u015fli\u011finde adrenalin patlamas\u0131 ya\u015famak isteyenler i\u00e7in \u00d6l\u00fcdeniz'de tandem yama\u00e7 para\u015f\u00fct\u00fc de bunlardan biridir. May\u0131s ay\u0131ndan ekim ay\u0131na kadar burada g\u00fcnde iki kez (hava izin verdi\u011fi s\u00fcrece) tandem yama\u00e7 para\u015f\u00fct\u00fc turlar\u0131 d\u00fczenlenmektedir. <\/div>                        <\/div>\n                    <\/div>\n                <\/div>\n                                <div class=\"col-lg-6\">                    \n                    <div class=\"inner-box\">\n                        <div class=\"image\"><img decoding=\"async\" src=\"https:\/\/www.s3orangehotel.com\/wp-content\/uploads\/2022\/11\/kayakoy.jpg\" alt=\"Awesome Image\"><\/div>                        <div class=\"lower-contant\">\n                            <div class=\"text-two\">Yak\u0131n G\u00f6r\u00fclecek Yerler<\/div>                            <h5>Kayak\u00f6y<\/h5>                            <div class=\"text-three\">Kayak\u00f6y'\u00fcn k\u00f6y kal\u0131nt\u0131lar\u0131, \u00d6l\u00fcdeniz Plaj\u0131'ndaki tepenin \u00fczerinde, sadece dokuz kilometre bat\u0131da yer almaktad\u0131r, bu nedenle ziyaret, yar\u0131m g\u00fcnl\u00fck kolay bir gezidir. Kayak\u00f6y'\u00fcn yamac\u0131, bir zamanlar\u0131n geli\u015fen Osmanl\u0131 Rum k\u00f6y\u00fc Levissi'nin ta\u015f evleri ve kilise kal\u0131nt\u0131lar\u0131yla kapl\u0131. <\/div>                        <\/div>\n                    <\/div>\n                <\/div>\n                                <div class=\"col-lg-6\">                    \n                    <div class=\"inner-box\">\n                        <div class=\"image\"><img decoding=\"async\" src=\"https:\/\/www.s3orangehotel.com\/wp-content\/uploads\/2021\/12\/activities-3.jpg\" alt=\"Awesome Image\"><\/div>                        <div class=\"lower-contant\">\n                            <div class=\"text-two\">Ke\u015ffet<\/div>                            <h5>Kelebekler Vadisi'ne Tekne Turu<\/h5>                            <div class=\"text-three\">\u00d6l\u00fcdeniz Plaj\u0131'nda g\u00fcne\u015flenmekten s\u0131k\u0131ld\u0131ysan\u0131z Kelebekler Vadisi'nde kumsalda manzara de\u011fi\u015fikli\u011fi yap\u0131n. Yedi Burun'un y\u00fcksek kayal\u0131klar\u0131 aras\u0131na s\u0131k\u0131\u015fm\u0131\u015f, deniz kenar\u0131nda dar bir kum dilimine do\u011fru uzanan yemye\u015fil dar vadisiyle Kelebekler Vadisi, fotojenik bir \u00e7ekim noktas\u0131d\u0131r. <\/div>                        <\/div>\n                    <\/div>\n                <\/div>\n                                <div class=\"col-lg-6\">                    \n                    <div class=\"inner-box\">\n                        <div class=\"image\"><img decoding=\"async\" src=\"https:\/\/www.s3orangehotel.com\/wp-content\/uploads\/2022\/11\/boat.jpg\" alt=\"Awesome Image\"><\/div>                        <div class=\"lower-contant\">\n                            <div class=\"text-two\">Blue Voyage<\/div>                            <h5>G\u00fcnl\u00fck Tekne Turu<\/h5>                            <div class=\"text-three\">Tur teknesi i\u015fletmecileri, may\u0131s ay\u0131ndan ekim ay\u0131n\u0131n ortalar\u0131na kadar \u00d6l\u00fcdeniz Plaj\u0131'ndaki iskeleden ba\u015flayarak tam g\u00fcn tekne gezileri d\u00fczenlemektedir. Bu, gezinin en kolay halidir. Bu geziler tamamen gemide g\u00fcne\u015flenmek, y\u00fczmek ve ge\u00e7erken k\u0131y\u0131 manzaras\u0131n\u0131 izlemekle ilgilidir. <\/div>                        <\/div>\n                    <\/div>\n                <\/div>\n                                <div class=\"col-lg-6\">                    \n                    <div class=\"inner-box\">\n                        <div class=\"image\"><img decoding=\"async\" src=\"https:\/\/www.s3orangehotel.com\/wp-content\/uploads\/2022\/11\/fethiye.jpg\" alt=\"Awesome Image\"><\/div>                        <div class=\"lower-contant\">\n                            <div class=\"text-two\">Gezme<\/div>                            <h5>Fethiye<\/h5>                            <div class=\"text-three\">Sahilde ge\u00e7irece\u011finiz bir g\u00fcn i\u00e7in en kolay se\u00e7im, \u00d6l\u00fcdeniz'e d\u00fczenli minib\u00fcslerle ba\u011flanan, 16 kilometre kuzeydeki Fethiye'ye gitmek olacakt\u0131r. Liman kenar\u0131ndaki bu k\u00fc\u00e7\u00fck \u015fehrin arkas\u0131nda Likya mezarlar\u0131ndan olu\u015fan bir kayal\u0131k y\u00fczey bulunmaktad\u0131r. Kasaban\u0131n kar\u015f\u0131 taraf\u0131n\u0131n ve Akdeniz'in manzaras\u0131n\u0131 g\u00f6rmek i\u00e7in tepeden Amyntos Mezar\u0131'na do\u011fru y\u00fcr\u00fcmeye de\u011fer. <\/div>                        <\/div>\n                    <\/div>\n                <\/div>\n                            <\/div>\n        <\/div>\n    <\/section>        \n    \n    \t\t<\/div>\n\t\t\t\t<\/div>\n\t\t\t\t\t<\/div>\n\t\t<\/div>\n\t\t\t\t\t<\/div>\n\t\t<\/section>\n\t\t\t\t<\/div>\n\t\t","protected":false},"excerpt":{"rendered":"<p>Oludeniz \u00d6l\u00fcdeniz hakk\u0131nda \u00d6l\u00fcdeniz, Fethiye&#8217;nin k\u00fc\u00e7\u00fck bir kasabas\u0131d\u0131r. Fethiye il\u00e7e merkezine 13 km, Hisar\u00f6n\u00fc&#8217;ne 4 km, \u00fcnl\u00fc \u00c7al\u0131\u015f Plaj\u0131&#8217;na 18 km mesafededir. Mavi Lag\u00fcn olarak da bilinen \u00d6l\u00fcdeniz, T\u00fcrkiye&#8217;nin ve Avrupa&#8217;n\u0131n en pop\u00fcler tatil yerlerinden biridir. E\u015fsiz denizi ve muhte\u015fem manzaras\u0131, beldeyi pop\u00fcler hale getiriyor ve d\u00fcnyan\u0131n en \u00e7ok foto\u011fraflanan plajlar\u0131ndan biri haline getiriyor. \u00d6l\u00fcdeniz, [&hellip;]<\/p>\n","protected":false},"author":1,"featured_media":0,"parent":0,"menu_order":0,"comment_status":"closed","ping_status":"closed","template":"tpl-default-elementor.php","meta":{"footnotes":""},"class_list":["post-2694","page","type-page","status-publish","hentry"],"_links":{"self":[{"href":"https:\/\/www.s3orangehotel.com\/tr\/wp-json\/wp\/v2\/pages\/2694","targetHints":{"allow":["GET"]}}],"collection":[{"href":"https:\/\/www.s3orangehotel.com\/tr\/wp-json\/wp\/v2\/pages"}],"about":[{"href":"https:\/\/www.s3orangehotel.com\/tr\/wp-json\/wp\/v2\/types\/page"}],"author":[{"embeddable":true,"href":"https:\/\/www.s3orangehotel.com\/tr\/wp-json\/wp\/v2\/users\/1"}],"replies":[{"embeddable":true,"href":"https:\/\/www.s3orangehotel.com\/tr\/wp-json\/wp\/v2\/comments?post=2694"}],"version-history":[{"count":4,"href":"https:\/\/www.s3orangehotel.com\/tr\/wp-json\/wp\/v2\/pages\/2694\/revisions"}],"predecessor-version":[{"id":2698,"href":"https:\/\/www.s3orangehotel.com\/tr\/wp-json\/wp\/v2\/pages\/2694\/revisions\/2698"}],"wp:attachment":[{"href":"https:\/\/www.s3orangehotel.com\/tr\/wp-json\/wp\/v2\/media?parent=2694"}],"curies":[{"name":"wp","href":"https:\/\/api.w.org\/{rel}","templated":true}]}}