{"id":2700,"date":"2021-12-27T17:24:39","date_gmt":"2021-12-27T17:24:39","guid":{"rendered":"https:\/\/www.s3orangehotel.com\/contact-us\/"},"modified":"2023-12-06T10:03:18","modified_gmt":"2023-12-06T10:03:18","slug":"contact-us","status":"publish","type":"page","link":"https:\/\/www.s3orangehotel.com\/tr\/contact-us\/","title":{"rendered":"\u0130leti\u015fim"},"content":{"rendered":"\t\t<div data-elementor-type=\"wp-page\" data-elementor-id=\"2700\" class=\"elementor elementor-2700 elementor-1062\">\n\t\t\t\t\t\t<section class=\"elementor-section elementor-top-section elementor-element elementor-element-d7dcc9d elementor-section-full_width elementor-section-height-default elementor-section-height-default\" data-id=\"d7dcc9d\" data-element_type=\"section\">\n\t\t\t\t\t\t<div class=\"elementor-container elementor-column-gap-default\">\n\t\t\t\t\t<div class=\"elementor-column elementor-col-100 elementor-top-column elementor-element elementor-element-88cd717\" data-id=\"88cd717\" data-element_type=\"column\">\n\t\t\t<div class=\"elementor-widget-wrap elementor-element-populated\">\n\t\t\t\t\t\t<div class=\"elementor-element elementor-element-44f7d43 elementor-widget elementor-widget-bluebell_contact_us\" data-id=\"44f7d43\" data-element_type=\"widget\" data-widget_type=\"bluebell_contact_us.default\">\n\t\t\t\t<div class=\"elementor-widget-container\">\n\t\t\t        \n        \n \t<!-- Contact Form section -->\n    <section class=\"contact-form-section light-bg mx-60 border-shape-top border-shape-bottom\">\n        <div class=\"auto-container\">        \n            <div class=\"sec-title\">\n                <div class=\"sub-title\">get in touch<\/div>                <h2>Herhangi bir sorunuz i\u00e7in mesaj b\u0131rak\u0131n<\/h2>                            <\/div>\n            <div class=\"row\">\n                                <div class=\"col-lg-8\">\n                    <!--Contact Form-->\n                  \t<div class=\"contact-form style-two\">\n                       \n<div class=\"wpcf7 no-js\" id=\"wpcf7-f2705-o1\" lang=\"tr-TR\" dir=\"ltr\">\n<div class=\"screen-reader-response\"><p role=\"status\" aria-live=\"polite\" aria-atomic=\"true\"><\/p> <ul><\/ul><\/div>\n<form action=\"\/tr\/wp-json\/wp\/v2\/pages\/2700#wpcf7-f2705-o1\" method=\"post\" class=\"wpcf7-form init\" aria-label=\"\u0130leti\u015fim Formu\" novalidate=\"novalidate\" data-status=\"init\">\n<div style=\"display: none;\">\n<input type=\"hidden\" name=\"_wpcf7\" value=\"2705\" \/>\n<input type=\"hidden\" name=\"_wpcf7_version\" value=\"5.9.8\" \/>\n<input type=\"hidden\" name=\"_wpcf7_locale\" value=\"tr_TR\" \/>\n<input type=\"hidden\" name=\"_wpcf7_unit_tag\" value=\"wpcf7-f2705-o1\" \/>\n<input type=\"hidden\" name=\"_wpcf7_container_post\" value=\"0\" \/>\n<input type=\"hidden\" name=\"_wpcf7_posted_data_hash\" value=\"\" \/>\n<\/div>\n<div class=\"row\">\n\t<div class=\"form-group col-md-6\">\n\t\t<p><span class=\"wpcf7-form-control-wrap\" data-name=\"yourname\"><input size=\"40\" maxlength=\"400\" class=\"wpcf7-form-control wpcf7-text wpcf7-validates-as-required\" aria-required=\"true\" aria-invalid=\"false\" placeholder=\"\u0130sminiz\" value=\"\" type=\"text\" name=\"yourname\" \/><\/span>\n\t\t<\/p>\n\t<\/div>\n\t<div class=\"form-group col-md-6\">\n\t\t<p><span class=\"wpcf7-form-control-wrap\" data-name=\"email\"><input size=\"40\" maxlength=\"400\" class=\"wpcf7-form-control wpcf7-email wpcf7-validates-as-required wpcf7-text wpcf7-validates-as-email\" aria-required=\"true\" aria-invalid=\"false\" value=\"Email\" type=\"email\" name=\"email\" \/><\/span>\n\t\t<\/p>\n\t<\/div>\n\t<div class=\"form-group col-md-6\">\n\t\t<p><span class=\"wpcf7-form-control-wrap\" data-name=\"phonenumber\"><input size=\"40\" maxlength=\"400\" class=\"wpcf7-form-control wpcf7-text\" aria-invalid=\"false\" placeholder=\"Telefon Numaran\u0131z\" value=\"\" type=\"text\" name=\"phonenumber\" \/><\/span>\n\t\t<\/p>\n\t<\/div>\n\t<div class=\"form-group col-md-6\">\n\t\t<p><span class=\"wpcf7-form-control-wrap\" data-name=\"text-776\"><input size=\"40\" maxlength=\"400\" class=\"wpcf7-form-control wpcf7-text\" aria-invalid=\"false\" placeholder=\"Ba\u015fl\u0131k\" value=\"\" type=\"text\" name=\"text-776\" \/><\/span>\n\t\t<\/p>\n\t<\/div>\n\t<div class=\"form-group col-md-12\">\n\t\t<p><span class=\"wpcf7-form-control-wrap\" data-name=\"textarea-340\"><textarea cols=\"40\" rows=\"10\" maxlength=\"2000\" class=\"wpcf7-form-control wpcf7-textarea wpcf7-validates-as-required\" aria-required=\"true\" aria-invalid=\"false\" name=\"textarea-340\">Mesaj\u0131n\u0131z<\/textarea><\/span>\n\t\t<\/p>\n\t<\/div>\n\t<div class=\"form-group col-md-12\">\n\t\t<p><input id=\"form_botcheck\" name=\"form_botcheck\" class=\"form-control\" type=\"hidden\" value=\"\" \/><br \/>\n<button class=\"theme-btn btn-style-one\" type=\"submit\" data-loading-text=\"L\u00fctfen Bekleyin...\"><span>G\u00f6nder<\/span><\/button>\n\t\t<\/p>\n\t<\/div>\n<\/div><div class=\"wpcf7-response-output\" aria-hidden=\"true\"><\/div>\n<\/form>\n<\/div>\n                    <\/div>\n                <\/div>\n                                \n                                <div class=\"col-lg-4 icon_box\">\n                    <div class=\"inner-box\">\n                                                <h4>S3 Orange Hotel<\/h4>\n                        <div class=\"border-shap\"><\/div>\n                                                \n                        <div class=\"text-two\">224 Sokak Belcekiz Mahallesi Oludeniz 48300 Turkey<\/div>                        <div class=\"text-three\"><a href=\"http:\/\/orange@s3hotels.com\">orange@s3hotels.com<\/a><\/div>                    <\/div>\n                    <div class=\"icon-box\">\n                        <h4>Resepsiyon<\/h4>                        <div class=\"icon\"><h5><i class=\"fas fa-phone\"><\/i><a href=\"tel:+90 252 617 06 78\">+90 252 617 06 78<\/a><\/h5><\/div>                        <div class=\"text-four\">Giri\u015f Saati: 14.00 PM <br>\u00c7\u0131k\u0131\u015f Saati: 11.30 PM<\/div>                    <\/div>\n                <\/div>\n                            <\/div>\n        <\/div>\n    <\/section>        \n        \n\t\t\t\t<\/div>\n\t\t\t\t<\/div>\n\t\t\t\t\t<\/div>\n\t\t<\/div>\n\t\t\t\t\t<\/div>\n\t\t<\/section>\n\t\t\t\t<section class=\"elementor-section elementor-top-section elementor-element elementor-element-8e80e5c elementor-section-full_width elementor-section-height-default elementor-section-height-default\" data-id=\"8e80e5c\" data-element_type=\"section\">\n\t\t\t\t\t\t<div class=\"elementor-container elementor-column-gap-default\">\n\t\t\t\t\t<div class=\"elementor-column elementor-col-100 elementor-top-column elementor-element elementor-element-47e1e54\" data-id=\"47e1e54\" data-element_type=\"column\">\n\t\t\t<div class=\"elementor-widget-wrap elementor-element-populated\">\n\t\t\t\t\t\t<div class=\"elementor-element elementor-element-8be2668 elementor-widget elementor-widget-bluebell_map_v3\" data-id=\"8be2668\" data-element_type=\"widget\" data-widget_type=\"bluebell_map_v3.default\">\n\t\t\t\t<div class=\"elementor-widget-container\">\n\t\t\t            \n    <!-- Map Section -->\n    <section class=\"map-section-two mx-60\">\n        <div class=\"auto-container\">\n            <div class=\"contact-map\">\n                <iframe src=\"https:\/\/www.google.com\/maps\/embed?pb=!1m18!1m12!1m3!1d3205.2787409047173!2d29.120860916079966!3d36.547391489587696!2m3!1f0!2f0!3f0!3m2!1i1024!2i768!4f13.1!3m3!1m2!1s0x14c040a4154e3729%3A0xc701f4548d2e823f!2sS3%20Orange%20Hotels!5e0!3m2!1str!2sgr!4v1669462092649!5m2!1str!2sgr\" width=\"600\" height=\"450\" style=\"border:0;\" allowfullscreen=\"\" loading=\"lazy\" referrerpolicy=\"no-referrer-when-downgrade\"><\/iframe>            <\/div>\n        <\/div>\n    <\/section>\n        \n\t\t\t<\/div>\n\t\t\t\t<\/div>\n\t\t\t\t\t<\/div>\n\t\t<\/div>\n\t\t\t\t\t<\/div>\n\t\t<\/section>\n\t\t\t\t<\/div>\n\t\t","protected":false},"excerpt":{"rendered":"<p>get in touch Herhangi bir sorunuz i\u00e7in mesaj b\u0131rak\u0131n Write a massage Send a Message S3 Orange Hotel 224 Sokak Belcekiz Mahallesi Oludeniz 48300 Turkey orange@s3hotels.com Resepsiyon +90 252 617 06 78 Giri\u015f Saati: 14.00 PM \u00c7\u0131k\u0131\u015f Saati: 11.30 PM<\/p>\n","protected":false},"author":1,"featured_media":0,"parent":0,"menu_order":0,"comment_status":"closed","ping_status":"closed","template":"tpl-default-elementor.php","meta":{"footnotes":""},"class_list":["post-2700","page","type-page","status-publish","hentry"],"_links":{"self":[{"href":"https:\/\/www.s3orangehotel.com\/tr\/wp-json\/wp\/v2\/pages\/2700","targetHints":{"allow":["GET"]}}],"collection":[{"href":"https:\/\/www.s3orangehotel.com\/tr\/wp-json\/wp\/v2\/pages"}],"about":[{"href":"https:\/\/www.s3orangehotel.com\/tr\/wp-json\/wp\/v2\/types\/page"}],"author":[{"embeddable":true,"href":"https:\/\/www.s3orangehotel.com\/tr\/wp-json\/wp\/v2\/users\/1"}],"replies":[{"embeddable":true,"href":"https:\/\/www.s3orangehotel.com\/tr\/wp-json\/wp\/v2\/comments?post=2700"}],"version-history":[{"count":7,"href":"https:\/\/www.s3orangehotel.com\/tr\/wp-json\/wp\/v2\/pages\/2700\/revisions"}],"predecessor-version":[{"id":2709,"href":"https:\/\/www.s3orangehotel.com\/tr\/wp-json\/wp\/v2\/pages\/2700\/revisions\/2709"}],"wp:attachment":[{"href":"https:\/\/www.s3orangehotel.com\/tr\/wp-json\/wp\/v2\/media?parent=2700"}],"curies":[{"name":"wp","href":"https:\/\/api.w.org\/{rel}","templated":true}]}}