{"id":2725,"date":"2024-07-28T07:38:08","date_gmt":"2024-07-28T07:38:08","guid":{"rendered":"https:\/\/www.s3orangehotel.com\/pet-policy\/"},"modified":"2024-07-28T07:56:56","modified_gmt":"2024-07-28T07:56:56","slug":"pet-policy","status":"publish","type":"page","link":"https:\/\/www.s3orangehotel.com\/tr\/pet-policy\/","title":{"rendered":"Evcil Hayvan Politikas\u0131"},"content":{"rendered":"<h2><\/h2>\n<h2><\/h2>\n<h2>Evcil Hayvan Politikas\u0131<\/h2>\n<p>Otelimize g\u00f6stermi\u015f oldu\u011funuz ilgi i\u00e7in te\u015fekk\u00fcr ederiz. Misafirlerimizin konforu ve huzuru bizim i\u00e7in b\u00fcy\u00fck \u00f6nem ta\u015f\u0131maktad\u0131r. \u00dcz\u00fclerek belirtmek zorunday\u0131z ki otelimizde evcil hayvan a\u011f\u0131rlayamamaktay\u0131z.<\/p>\n<p>Evcil hayvan politikam\u0131z hakk\u0131nda daha fazla bilgi almak isterseniz, l\u00fctfen bizimle ileti\u015fime ge\u00e7mekten \u00e7ekinmeyin.<\/p>\n<p><strong>Anlay\u0131\u015f\u0131n\u0131z i\u00e7in te\u015fekk\u00fcr ederiz.<\/strong><\/p>\n","protected":false},"excerpt":{"rendered":"<p>Evcil Hayvan Politikas\u0131 Otelimize g\u00f6stermi\u015f oldu\u011funuz ilgi i\u00e7in te\u015fekk\u00fcr ederiz. Misafirlerimizin konforu ve huzuru bizim i\u00e7in b\u00fcy\u00fck \u00f6nem ta\u015f\u0131maktad\u0131r. \u00dcz\u00fclerek belirtmek zorunday\u0131z ki otelimizde evcil hayvan a\u011f\u0131rlayamamaktay\u0131z. Evcil hayvan politikam\u0131z hakk\u0131nda daha fazla bilgi almak isterseniz, l\u00fctfen bizimle ileti\u015fime ge\u00e7mekten \u00e7ekinmeyin. Anlay\u0131\u015f\u0131n\u0131z i\u00e7in te\u015fekk\u00fcr ederiz.<\/p>\n","protected":false},"author":1,"featured_media":0,"parent":0,"menu_order":0,"comment_status":"closed","ping_status":"closed","template":"","meta":{"footnotes":""},"class_list":["post-2725","page","type-page","status-publish","hentry"],"_links":{"self":[{"href":"https:\/\/www.s3orangehotel.com\/tr\/wp-json\/wp\/v2\/pages\/2725","targetHints":{"allow":["GET"]}}],"collection":[{"href":"https:\/\/www.s3orangehotel.com\/tr\/wp-json\/wp\/v2\/pages"}],"about":[{"href":"https:\/\/www.s3orangehotel.com\/tr\/wp-json\/wp\/v2\/types\/page"}],"author":[{"embeddable":true,"href":"https:\/\/www.s3orangehotel.com\/tr\/wp-json\/wp\/v2\/users\/1"}],"replies":[{"embeddable":true,"href":"https:\/\/www.s3orangehotel.com\/tr\/wp-json\/wp\/v2\/comments?post=2725"}],"version-history":[{"count":3,"href":"https:\/\/www.s3orangehotel.com\/tr\/wp-json\/wp\/v2\/pages\/2725\/revisions"}],"predecessor-version":[{"id":2739,"href":"https:\/\/www.s3orangehotel.com\/tr\/wp-json\/wp\/v2\/pages\/2725\/revisions\/2739"}],"wp:attachment":[{"href":"https:\/\/www.s3orangehotel.com\/tr\/wp-json\/wp\/v2\/media?parent=2725"}],"curies":[{"name":"wp","href":"https:\/\/api.w.org\/{rel}","templated":true}]}}